{"id":25,"date":"2023-09-19T11:29:34","date_gmt":"2023-09-19T11:29:34","guid":{"rendered":"https:\/\/zaubergarten-leipzig.de\/?page_id=25"},"modified":"2024-11-06T13:45:25","modified_gmt":"2024-11-06T13:45:25","slug":"kontakt","status":"publish","type":"page","link":"https:\/\/zaubergarten-leipzig.de\/index.php\/kontakt\/","title":{"rendered":"Kontakt"},"content":{"rendered":"<p>[et_pb_section fb_built=&#8220;1&#8243; custom_padding_last_edited=&#8220;on|tablet&#8220; _builder_version=&#8220;4.22.1&#8243; _module_preset=&#8220;default&#8220; background_color=&#8220;gcid-4c0391b5-b2d1-4d9f-845f-98cd0f0e9c9b&#8220; custom_padding=&#8220;40px||30px||false|false&#8220; custom_padding_tablet=&#8220;40px||||false|false&#8220; custom_padding_phone=&#8220;30px||20px||false|false&#8220; global_colors_info=&#8220;{%22gcid-4c0391b5-b2d1-4d9f-845f-98cd0f0e9c9b%22:%91%22background_color%22%93}&#8220;][et_pb_row custom_padding_last_edited=&#8220;on|phone&#8220; _builder_version=&#8220;4.22.1&#8243; _module_preset=&#8220;default&#8220; width=&#8220;100%&#8220; max_width=&#8220;1400px&#8220; custom_margin=&#8220;||||false|false&#8220; custom_padding=&#8220;0px||0px||false|false&#8220; custom_padding_tablet=&#8220;||||false|false&#8220; custom_padding_phone=&#8220;||||false|false&#8220; global_colors_info=&#8220;{}&#8220;][et_pb_column type=&#8220;4_4&#8243; _builder_version=&#8220;4.22.1&#8243; _module_preset=&#8220;default&#8220; custom_padding=&#8220;|12px||12px|false|true&#8220; global_colors_info=&#8220;{}&#8220;][et_pb_text _builder_version=&#8220;4.22.1&#8243; _module_preset=&#8220;a7cc5d08-68d0-4db1-9e28-c1bebe8c042a&#8220; text_text_color=&#8220;gcid-693000ec-553a-4320-b070-297d0fd2cdce&#8220; custom_margin=&#8220;||0px||false|false&#8220; global_colors_info=&#8220;{%22gcid-693000ec-553a-4320-b070-297d0fd2cdce%22:%91%22text_text_color%22%93,%22gcid-2cc85677-a0e1-42ae-a5ec-d51b0cb4186b%22:%91%22header_2_text_color%22%93}&#8220;]<\/p>\n<h1>Kontakt<\/h1>\n<p>[\/et_pb_text][\/et_pb_column][\/et_pb_row][\/et_pb_section][et_pb_section fb_built=&#8220;1&#8243; _builder_version=&#8220;4.22.1&#8243; _module_preset=&#8220;default&#8220; background_color=&#8220;gcid-4c0391b5-b2d1-4d9f-845f-98cd0f0e9c9b&#8220; custom_padding=&#8220;0px||||false|false&#8220; global_colors_info=&#8220;{%22gcid-4c0391b5-b2d1-4d9f-845f-98cd0f0e9c9b%22:%91%22background_color%22%93}&#8220;][et_pb_row column_structure=&#8220;3_5,2_5&#8243; _builder_version=&#8220;4.22.1&#8243; _module_preset=&#8220;default&#8220; width=&#8220;100%&#8220; max_width=&#8220;1400px&#8220; custom_padding=&#8220;0px|12px||12px|false|true&#8220; custom_css_main_element=&#8220;display: flex;||flex-wrap: wrap;||align-items: center;&#8220; global_colors_info=&#8220;{}&#8220;][et_pb_column type=&#8220;3_5&#8243; _builder_version=&#8220;4.22.1&#8243; _module_preset=&#8220;default&#8220; global_colors_info=&#8220;{}&#8220;][et_pb_map google_api_key=&#8220;eaf3f806cc0e390ccaebde9dcbcb31669dec2f73&#8243; address=&#8220;Holzh\u00e4user Str. 130, 04299 Leipzig, Deutschland&#8220; zoom_level=&#8220;15&#8243; address_lat=&#8220;51.3178459&#8243; address_lng=&#8220;12.4327832&#8243; _builder_version=&#8220;4.23.1&#8243; _module_preset=&#8220;default&#8220; height=&#8220;620px&#8220; global_colors_info=&#8220;{}&#8220;][et_pb_map_pin title=&#8220;Zaubergarten Leipzig&#8220; pin_address=&#8220;Holzh\u00e4user Str. 130, 04299 Leipzig, Deutschland&#8220; pin_address_lat=&#8220;51.3178459&#8243; pin_address_lng=&#8220;12.4327832&#8243; _builder_version=&#8220;4.23.1&#8243; _module_preset=&#8220;default&#8220; global_colors_info=&#8220;{}&#8220;][\/et_pb_map_pin][\/et_pb_map][\/et_pb_column][et_pb_column type=&#8220;2_5&#8243; _builder_version=&#8220;4.22.1&#8243; _module_preset=&#8220;default&#8220; global_colors_info=&#8220;{}&#8220;][et_pb_text content_tablet=&#8220;<\/p>\n<h3 style=%22text-align: center;%22>Zaubergarten Leipzig<\/h3>\n<p style=%22text-align: center;%22>Holzh\u00e4user Stra\u00dfe 130<br \/>04299 Leipzig<\/p>\n<p>&#8220; content_phone=&#8220;<\/p>\n<h3 style=%22text-align: center;%22>Zaubergarten Leipzig<\/h3>\n<p style=%22text-align: center;%22>Holzh\u00e4user Stra\u00dfe 130<br \/>04299 Leipzig<\/p>\n<p>&#8220; content_last_edited=&#8220;on|tablet&#8220; _builder_version=&#8220;4.22.1&#8243; _module_preset=&#8220;default&#8220; custom_padding_tablet=&#8220;25px||||false|false&#8220; custom_padding_phone=&#8220;25px||||false|false&#8220; custom_padding_last_edited=&#8220;on|tablet&#8220; global_colors_info=&#8220;{}&#8220;]<\/p>\n<h3>Zaubergarten\u00a0Leipzig<\/h3>\n<p>Holzh\u00e4user Stra\u00dfe 130<br \/>04299 Leipzig<\/p>\n<p>[\/et_pb_text][et_pb_text content_tablet=&#8220;<\/p>\n<h3 style=%22text-align: center;%22>Postanschrift<\/h3>\n<p style=%22text-align: center;%22>Columbus Junior e.V.<br \/>Zaubergarten<br \/>Oststra\u00dfe 181 b<br \/>04299 Leipzig<\/p>\n<p>&#8220; content_phone=&#8220;<\/p>\n<h3 style=%22text-align: center;%22>Postanschrift<\/h3>\n<p style=%22text-align: center;%22>Columbus Junior e.V.<br \/>Zaubergarten<br \/>Oststra\u00dfe 181 b<br \/>04299 Leipzig<\/p>\n<p>&#8220; content_last_edited=&#8220;on|tablet&#8220; _builder_version=&#8220;4.22.1&#8243; _module_preset=&#8220;default&#8220; global_colors_info=&#8220;{}&#8220;]<\/p>\n<h3>Postanschrift<\/h3>\n<p>Columbus Junior e.V.<br \/>Zaubergarten<br \/>Oststra\u00dfe 181 b<br \/>04299 Leipzig<\/p>\n<p>[\/et_pb_text][et_pb_text content_tablet=&#8220;<\/p>\n<h3 style=%22text-align: center;%22>Telefon<\/h3>\n<p style=%22text-align: center;%22>Telefon: 0341 \/ 2305780<br \/>Mobil: 0152 \/ 05916154<\/p>\n<p style=%22text-align: center;%22>Anfragen bitte nur per Mail!<br \/>zaubergarten@junior-leipzig.de<\/p>\n<p>&#8220; content_phone=&#8220;<\/p>\n<h3 style=%22text-align: center;%22>Telefon<\/h3>\n<p style=%22text-align: center;%22>Telefon: 0341 \/ 2305780<br \/>Mobil: 0152 \/ 05916154<\/p>\n<p style=%22text-align: center;%22>Anfragen bitte nur per Mail!<br \/>zaubergarten@junior-leipzig.de<\/p>\n<p>&#8220; content_last_edited=&#8220;on|tablet&#8220; _builder_version=&#8220;4.22.1&#8243; _module_preset=&#8220;default&#8220; global_colors_info=&#8220;{}&#8220;]<\/p>\n<h3>Telefon<\/h3>\n<p>Mobil: 0152 \/ 05916154<\/p>\n<p>Anfragen bitte nur per Mail!<br \/>zaubergarten@junior-leipzig.de<\/p>\n<p>[\/et_pb_text][et_pb_text content_tablet=&#8220;<\/p>\n<h3 style=%22text-align: center;%22>\u00d6ffnungszeiten<\/h3>\n<p style=%22text-align: center;%22>Mai bis Oktober:<br \/>08:30 \u2013 16:00 Uhr<\/p>\n<p style=%22text-align: center;%22>Sonnabend, Sonntags und<br \/>an Feiertagen geschlossen.<\/p>\n<p>&#8220; content_phone=&#8220;<\/p>\n<h3 style=%22text-align: center;%22>\u00d6ffnungszeiten<\/h3>\n<p style=%22text-align: center;%22>Mai bis Oktober:<br \/>08:30 \u2013 16:00 Uhr<\/p>\n<p style=%22text-align: center;%22>Sonnabend, Sonntags und<br \/>an Feiertagen geschlossen.<\/p>\n<p>&#8220; content_last_edited=&#8220;on|tablet&#8220; _builder_version=&#8220;4.22.1&#8243; _module_preset=&#8220;default&#8220; global_colors_info=&#8220;{}&#8220;]<\/p>\n<h3>\u00d6ffnungszeiten<\/h3>\n<p>Mai bis Oktober:<br \/>08:00 \u2013 16:00 Uhr<\/p>\n<p>Sonnabend, Sonntags und<br \/>an Feiertagen geschlossen.<\/p>\n<p>[\/et_pb_text][\/et_pb_column][\/et_pb_row][\/et_pb_section][et_pb_section fb_built=&#8220;1&#8243; custom_padding_last_edited=&#8220;on|tablet&#8220; _builder_version=&#8220;4.22.1&#8243; _module_preset=&#8220;default&#8220; background_color=&#8220;gcid-4c0391b5-b2d1-4d9f-845f-98cd0f0e9c9b&#8220; custom_padding=&#8220;0px||||false|false&#8220; custom_padding_tablet=&#8220;0px||||false|false&#8220; custom_padding_phone=&#8220;0px||||false|false&#8220; global_colors_info=&#8220;{%22gcid-4c0391b5-b2d1-4d9f-845f-98cd0f0e9c9b%22:%91%22background_color%22%93}&#8220;][et_pb_row _builder_version=&#8220;4.22.1&#8243; _module_preset=&#8220;default&#8220; width=&#8220;100%&#8220; max_width=&#8220;1400px&#8220; custom_margin=&#8220;||||false|false&#8220; custom_padding=&#8220;0px|12px||12px|false|true&#8220; global_colors_info=&#8220;{}&#8220;][et_pb_column type=&#8220;4_4&#8243; _builder_version=&#8220;4.22.1&#8243; _module_preset=&#8220;default&#8220; global_colors_info=&#8220;{}&#8220;][et_pb_text _builder_version=&#8220;4.22.1&#8243; _module_preset=&#8220;default&#8220; global_colors_info=&#8220;{}&#8220;]<\/p>\n<h2>Anfahrt<\/h2>\n<p>[\/et_pb_text][et_pb_text _builder_version=&#8220;4.22.1&#8243; _module_preset=&#8220;default&#8220; global_colors_info=&#8220;{}&#8220;]<\/p>\n<h3>Erreichbarkeit mit \u00f6ffentlichen Verkehrsmitteln<\/h3>\n<p>Tram Nr. 4 (Endhaltestelle Holzh\u00e4user Stra\u00dfe)<br \/>Bus Nr. 74 (Haltestelle Holzh\u00e4user Stra\u00dfe)<br \/>Bus Nr. 79 (Haltestelle Kolmstra\u00dfe)<\/p>\n<p>Das Gel\u00e4nde befindet sich direkt an der Wendeschleife der<br \/>Stra\u00dfenbahnlinie 4 in Leipzig-St\u00f6tteritz<\/p>\n<p>&nbsp;<\/p>\n<h3>Erreichbarkeit mit motorisierten Fahrzeugen und Fahrr\u00e4dern<\/h3>\n<p>Aus der Innenstadt kommend, der Prager Stra\u00dfe in Richtung V\u00f6lkerschlachtdenkmal folgen (ist ausgeschildert).<br \/>Nach \u00dcberquerung der S-Bahnlinie, links in Naunhofer Stra\u00dfe einbiegen.<br \/>Diese wird dann nach 150m zur Holzh\u00e4user Stra\u00dfe.<br \/>Der Holzh\u00e4user Stra\u00dfe f\u00fcr 1,5 km folgen.<br \/>Das Gel\u00e4nde liegt auf der rechten Seite.<br \/>Aus S\u00fcden kommend (S\u00fcdvorstadt, Connewitz), der B2 \u00fcber die Richard-Lehmann Stra\u00dfe in Richtung Wittenberg folgen.<br \/>Am V\u00f6lkerschlachtdenkmal vorbei und geradeaus \u00fcber die Ludolf\u2013Colditz Stra\u00dfe bis zur Holzh\u00e4user Stra\u00dfe fahren.<br \/>Rechts in die Holzh\u00e4user Stra\u00dfe abbiegen und den Stra\u00dfenbahnschienen bis zur Endhaltestelle folgen.<\/p>\n<p>[\/et_pb_text][\/et_pb_column][\/et_pb_row][\/et_pb_section][et_pb_section fb_built=&#8220;1&#8243; custom_padding_last_edited=&#8220;on|tablet&#8220; module_id=&#8220;kontakt&#8220; _builder_version=&#8220;4.22.1&#8243; _module_preset=&#8220;default&#8220; background_color=&#8220;gcid-4c0391b5-b2d1-4d9f-845f-98cd0f0e9c9b&#8220; custom_padding=&#8220;0px||||false|false&#8220; custom_padding_tablet=&#8220;0px||30px||false|false&#8220; custom_padding_phone=&#8220;0px||30px||false|false&#8220; global_module=&#8220;555&#8243; saved_tabs=&#8220;all&#8220; global_colors_info=&#8220;{%22gcid-4c0391b5-b2d1-4d9f-845f-98cd0f0e9c9b%22:%91%22background_color%22%93}&#8220;][et_pb_row custom_padding_last_edited=&#8220;on|tablet&#8220; _builder_version=&#8220;4.22.1&#8243; _module_preset=&#8220;default&#8220; width=&#8220;100%&#8220; max_width=&#8220;1400px&#8220; custom_margin=&#8220;||||false|false&#8220; custom_padding=&#8220;||0px||false|false&#8220; custom_padding_tablet=&#8220;||30px||false|false&#8220; custom_padding_phone=&#8220;||||false|false&#8220; global_colors_info=&#8220;{}&#8220;][et_pb_column type=&#8220;4_4&#8243; _builder_version=&#8220;4.22.1&#8243; _module_preset=&#8220;default&#8220; custom_padding=&#8220;|12px||12px|false|true&#8220; global_colors_info=&#8220;{}&#8220;][et_pb_text _builder_version=&#8220;4.22.1&#8243; _module_preset=&#8220;default&#8220; header_2_text_color=&#8220;gcid-1706d53b-a499-4c8c-bd09-28915810ea4e&#8220; global_colors_info=&#8220;{%22gcid-1706d53b-a499-4c8c-bd09-28915810ea4e%22:%91%22text_text_color%22,%22header_2_text_color%22%93}&#8220;]<\/p>\n<h2>Wir freuen uns auf Ihre Nachricht<\/h2>\n<p>[\/et_pb_text][\/et_pb_column][\/et_pb_row][et_pb_row custom_padding_last_edited=&#8220;on|desktop&#8220; _builder_version=&#8220;4.22.1&#8243; _module_preset=&#8220;default&#8220; width=&#8220;100%&#8220; max_width=&#8220;1400px&#8220; custom_margin_tablet=&#8220;||||false|false&#8220; custom_margin_phone=&#8220;||||false|false&#8220; custom_margin_last_edited=&#8220;on|phone&#8220; custom_padding=&#8220;||0px||false|true&#8220; custom_padding_tablet=&#8220;0px||||false|true&#8220; custom_padding_phone=&#8220;||||false|true&#8220; global_colors_info=&#8220;{}&#8220;][et_pb_column type=&#8220;4_4&#8243; module_class=&#8220;kontakt-column&#8220; _builder_version=&#8220;4.22.1&#8243; _module_preset=&#8220;default&#8220; custom_padding=&#8220;|12px||12px|false|true&#8220; custom_css_main_element=&#8220;display: flex;||flex-wrap: wrap;&#8220; global_colors_info=&#8220;{}&#8220;][et_pb_contact_form captcha=&#8220;off&#8220; email=&#8220;malwin.reetz@staufenberg-advisory.de&#8220; custom_message=&#8220;Name: %%Name%% ||et_pb_line_break_holder||<\/br><\/br>||et_pb_line_break_holder||E-Mail: %%Email%%<\/br>||et_pb_line_break_holder||Telefon: %%Telefon%%||et_pb_line_break_holder||<\/br><\/br>||et_pb_line_break_holder||Betreff: %%Betreff%%||et_pb_line_break_holder||<\/br><\/br>||et_pb_line_break_holder||Nachricht:||et_pb_line_break_holder||%%Message%%||et_pb_line_break_holder||||et_pb_line_break_holder||||et_pb_line_break_holder||Diese Nachricht wurde mit Hilfe des Kontaktformulars der Webseite zaubergarten-leipzig versendet.&#8220; success_message=&#8220;Ihre Anfrage wurde erfolgreich gesendet.&#8220; submit_button_text=&#8220;Anfrage senden&#8220; module_id=&#8220;et_pb_contact_form_0&#8243; module_class=&#8220;zaubergarten-kontakt&#8220; _builder_version=&#8220;4.23.4&#8243; _module_preset=&#8220;default&#8220; _unique_id=&#8220;1eb864d6-b961-4e15-92b2-a2911536bdff&#8220; form_field_background_color=&#8220;#FBF8F8&#8243; form_field_text_color=&#8220;#707070&#8243; form_field_focus_text_color=&#8220;gcid-94740ef2-1424-4cfb-b24a-af7ae19a5a10&#8243; form_field_custom_margin=&#8220;||14px||false|false&#8220; title_text_color=&#8220;#FBF8F8&#8243; form_field_font_size=&#8220;1rem&#8220; custom_button=&#8220;on&#8220; button_text_size=&#8220;1.2rem&#8220; button_text_color=&#8220;#707070&#8243; button_bg_color=&#8220;#FBF8F8&#8243; button_border_width=&#8220;0px&#8220; button_border_radius=&#8220;34px&#8220; button_use_icon=&#8220;off&#8220; button_custom_margin=&#8220;26px|||36px|false|false&#8220; button_custom_margin_tablet=&#8220;26px|||36px|false|false&#8220; button_custom_margin_phone=&#8220;|||20px|false|false&#8220; button_custom_margin_last_edited=&#8220;on|phone&#8220; button_custom_padding=&#8220;||||false|false&#8220; width=&#8220;100%&#8220; width_tablet=&#8220;100%&#8220; width_phone=&#8220;100%&#8220; width_last_edited=&#8220;on|desktop&#8220; custom_margin=&#8220;||0px||false|false&#8220; custom_margin_tablet=&#8220;-8px||||false|false&#8220; custom_margin_phone=&#8220;-12px||||false|false&#8220; custom_margin_last_edited=&#8220;on|tablet&#8220; custom_padding=&#8220;||27px||false|false&#8220; custom_padding_tablet=&#8220;4px||||false|false&#8220; custom_padding_phone=&#8220;0px||||false|false&#8220; custom_padding_last_edited=&#8220;on|tablet&#8220; title_font_size_tablet=&#8220;&#8220; title_font_size_phone=&#8220;1.3rem&#8220; title_font_size_last_edited=&#8220;on|phone&#8220; form_field_font_size_tablet=&#8220;1rem&#8220; form_field_font_size_phone=&#8220;1rem&#8220; form_field_font_size_last_edited=&#8220;on|phone&#8220; button_text_size_tablet=&#8220;1.2rem&#8220; button_text_size_phone=&#8220;1rem&#8220; button_text_size_last_edited=&#8220;on|desktop&#8220; global_colors_info=&#8220;{%22gcid-94740ef2-1424-4cfb-b24a-af7ae19a5a10%22:%91%22form_field_focus_text_color%22%93}&#8220; button_bg_color__hover_enabled=&#8220;on|hover&#8220; button_bg_color__hover=&#8220;#d1cfcf&#8220; button_bg_enable_color__hover=&#8220;on&#8220;][et_pb_contact_field field_id=&#8220;Name&#8220; field_title=&#8220;Ihr Name*&#8220; _builder_version=&#8220;4.23.1&#8243; _module_preset=&#8220;default&#8220; global_colors_info=&#8220;{}&#8220; button_text_size__hover_enabled=&#8220;off&#8220; button_one_text_size__hover_enabled=&#8220;off&#8220; button_two_text_size__hover_enabled=&#8220;off&#8220; button_text_color__hover_enabled=&#8220;off&#8220; button_one_text_color__hover_enabled=&#8220;off&#8220; button_two_text_color__hover_enabled=&#8220;off&#8220; button_border_width__hover_enabled=&#8220;off&#8220; button_one_border_width__hover_enabled=&#8220;off&#8220; button_two_border_width__hover_enabled=&#8220;off&#8220; button_border_color__hover_enabled=&#8220;off&#8220; button_one_border_color__hover_enabled=&#8220;off&#8220; button_two_border_color__hover_enabled=&#8220;off&#8220; button_border_radius__hover_enabled=&#8220;off&#8220; button_one_border_radius__hover_enabled=&#8220;off&#8220; button_two_border_radius__hover_enabled=&#8220;off&#8220; button_letter_spacing__hover_enabled=&#8220;off&#8220; button_one_letter_spacing__hover_enabled=&#8220;off&#8220; button_two_letter_spacing__hover_enabled=&#8220;off&#8220; button_bg_color__hover_enabled=&#8220;off&#8220; button_one_bg_color__hover_enabled=&#8220;off&#8220; button_two_bg_color__hover_enabled=&#8220;off&#8220;][\/et_pb_contact_field][et_pb_contact_field field_id=&#8220;Email&#8220; field_title=&#8220;Ihre E-Mail-Adresse*&#8220; field_type=&#8220;email&#8220; _builder_version=&#8220;4.23.4&#8243; _module_preset=&#8220;default&#8220; global_colors_info=&#8220;{}&#8220; button_text_size__hover_enabled=&#8220;off&#8220; button_one_text_size__hover_enabled=&#8220;off&#8220; button_two_text_size__hover_enabled=&#8220;off&#8220; button_text_color__hover_enabled=&#8220;off&#8220; button_one_text_color__hover_enabled=&#8220;off&#8220; button_two_text_color__hover_enabled=&#8220;off&#8220; button_border_width__hover_enabled=&#8220;off&#8220; button_one_border_width__hover_enabled=&#8220;off&#8220; button_two_border_width__hover_enabled=&#8220;off&#8220; button_border_color__hover_enabled=&#8220;off&#8220; button_one_border_color__hover_enabled=&#8220;off&#8220; button_two_border_color__hover_enabled=&#8220;off&#8220; button_border_radius__hover_enabled=&#8220;off&#8220; button_one_border_radius__hover_enabled=&#8220;off&#8220; button_two_border_radius__hover_enabled=&#8220;off&#8220; button_letter_spacing__hover_enabled=&#8220;off&#8220; button_one_letter_spacing__hover_enabled=&#8220;off&#8220; button_two_letter_spacing__hover_enabled=&#8220;off&#8220; button_bg_color__hover_enabled=&#8220;off&#8220; button_one_bg_color__hover_enabled=&#8220;off&#8220; button_two_bg_color__hover_enabled=&#8220;off&#8220;][\/et_pb_contact_field][et_pb_contact_field field_id=&#8220;Telefon&#8220; field_title=&#8220;Ihre Telefonnummer*&#8220; required_mark=&#8220;off&#8220; _builder_version=&#8220;4.23.1&#8243; _module_preset=&#8220;default&#8220; global_colors_info=&#8220;{}&#8220; button_text_size__hover_enabled=&#8220;off&#8220; button_one_text_size__hover_enabled=&#8220;off&#8220; button_two_text_size__hover_enabled=&#8220;off&#8220; button_text_color__hover_enabled=&#8220;off&#8220; button_one_text_color__hover_enabled=&#8220;off&#8220; button_two_text_color__hover_enabled=&#8220;off&#8220; button_border_width__hover_enabled=&#8220;off&#8220; button_one_border_width__hover_enabled=&#8220;off&#8220; button_two_border_width__hover_enabled=&#8220;off&#8220; button_border_color__hover_enabled=&#8220;off&#8220; button_one_border_color__hover_enabled=&#8220;off&#8220; button_two_border_color__hover_enabled=&#8220;off&#8220; button_border_radius__hover_enabled=&#8220;off&#8220; button_one_border_radius__hover_enabled=&#8220;off&#8220; button_two_border_radius__hover_enabled=&#8220;off&#8220; button_letter_spacing__hover_enabled=&#8220;off&#8220; button_one_letter_spacing__hover_enabled=&#8220;off&#8220; button_two_letter_spacing__hover_enabled=&#8220;off&#8220; button_bg_color__hover_enabled=&#8220;off&#8220; button_one_bg_color__hover_enabled=&#8220;off&#8220; button_two_bg_color__hover_enabled=&#8220;off&#8220;][\/et_pb_contact_field][et_pb_contact_field field_id=&#8220;Betreff&#8220; field_title=&#8220;Betreff*&#8220; _builder_version=&#8220;4.23.4&#8243; _module_preset=&#8220;default&#8220; global_colors_info=&#8220;{}&#8220; button_text_size__hover_enabled=&#8220;off&#8220; button_one_text_size__hover_enabled=&#8220;off&#8220; button_two_text_size__hover_enabled=&#8220;off&#8220; button_text_color__hover_enabled=&#8220;off&#8220; button_one_text_color__hover_enabled=&#8220;off&#8220; button_two_text_color__hover_enabled=&#8220;off&#8220; button_border_width__hover_enabled=&#8220;off&#8220; button_one_border_width__hover_enabled=&#8220;off&#8220; button_two_border_width__hover_enabled=&#8220;off&#8220; button_border_color__hover_enabled=&#8220;off&#8220; button_one_border_color__hover_enabled=&#8220;off&#8220; button_two_border_color__hover_enabled=&#8220;off&#8220; button_border_radius__hover_enabled=&#8220;off&#8220; button_one_border_radius__hover_enabled=&#8220;off&#8220; button_two_border_radius__hover_enabled=&#8220;off&#8220; button_letter_spacing__hover_enabled=&#8220;off&#8220; button_one_letter_spacing__hover_enabled=&#8220;off&#8220; button_two_letter_spacing__hover_enabled=&#8220;off&#8220; button_bg_color__hover_enabled=&#8220;off&#8220; button_one_bg_color__hover_enabled=&#8220;off&#8220; button_two_bg_color__hover_enabled=&#8220;off&#8220;][\/et_pb_contact_field][et_pb_contact_field field_id=&#8220;Message&#8220; field_title=&#8220;Ihre Nachricht*&#8220; field_type=&#8220;text&#8220; fullwidth_field=&#8220;on&#8220; _builder_version=&#8220;4.23.1&#8243; _module_preset=&#8220;default&#8220; global_colors_info=&#8220;{}&#8220; button_text_size__hover_enabled=&#8220;off&#8220; button_one_text_size__hover_enabled=&#8220;off&#8220; button_two_text_size__hover_enabled=&#8220;off&#8220; button_text_color__hover_enabled=&#8220;off&#8220; button_one_text_color__hover_enabled=&#8220;off&#8220; button_two_text_color__hover_enabled=&#8220;off&#8220; button_border_width__hover_enabled=&#8220;off&#8220; button_one_border_width__hover_enabled=&#8220;off&#8220; button_two_border_width__hover_enabled=&#8220;off&#8220; button_border_color__hover_enabled=&#8220;off&#8220; button_one_border_color__hover_enabled=&#8220;off&#8220; button_two_border_color__hover_enabled=&#8220;off&#8220; button_border_radius__hover_enabled=&#8220;off&#8220; button_one_border_radius__hover_enabled=&#8220;off&#8220; button_two_border_radius__hover_enabled=&#8220;off&#8220; button_letter_spacing__hover_enabled=&#8220;off&#8220; button_one_letter_spacing__hover_enabled=&#8220;off&#8220; button_two_letter_spacing__hover_enabled=&#8220;off&#8220; button_bg_color__hover_enabled=&#8220;off&#8220; button_one_bg_color__hover_enabled=&#8220;off&#8220; button_two_bg_color__hover_enabled=&#8220;off&#8220;][\/et_pb_contact_field][et_pb_contact_field field_id=&#8220;Datenschutz&#8220; field_title=&#8220; &#8220; field_type=&#8220;checkbox&#8220; checkbox_options=&#8220;%91{%22value%22:%22Ich stimme der Verarbeitung meiner Daten zu, gem\u00e4\u00df der %22,%22checked%22:0,%22dragID%22:-1,%22link_url%22:%22https:\/\/it-sdm.de\/datenschutz%22,%22link_text%22:%22Datenschutzbestimmung.%22}%93&#8243; fullwidth_field=&#8220;on&#8220; _builder_version=&#8220;4.23.1&#8243; _module_preset=&#8220;default&#8220; link_option_url=&#8220;https:\/\/zaubergarten-leipzig.de\/index.php\/datenschutz\/&#8220; link_option_url_new_window=&#8220;on&#8220; form_field_font_size_tablet=&#8220;&#8220; form_field_font_size_phone=&#8220;&#8220; form_field_font_size_last_edited=&#8220;on|tablet&#8220; border_radii=&#8220;on|4px|4px|4px|4px&#8220; border_width_all=&#8220;0.5px&#8220; border_color_all=&#8220;rgba(102,102,102,0.45)&#8220; global_colors_info=&#8220;{}&#8220;][\/et_pb_contact_field][\/et_pb_contact_form][\/et_pb_column][\/et_pb_row][\/et_pb_section]<\/p>\n","protected":false},"excerpt":{"rendered":"<p>KontaktZaubergarten\u00a0Leipzig Holzh\u00e4user Stra\u00dfe 13004299 LeipzigPostanschrift Columbus Junior e.V.ZaubergartenOststra\u00dfe 181 b04299 LeipzigTelefon Mobil: 0152 \/ 05916154 Anfragen bitte nur per Mail!zaubergarten@junior-leipzig.de\u00d6ffnungszeiten Mai bis Oktober:08:00 \u2013 16:00 Uhr Sonnabend, Sonntags undan Feiertagen geschlossen.AnfahrtErreichbarkeit mit \u00f6ffentlichen Verkehrsmitteln Tram Nr. 4 (Endhaltestelle Holzh\u00e4user Stra\u00dfe)Bus Nr. 74 (Haltestelle Holzh\u00e4user Stra\u00dfe)Bus Nr. 79 (Haltestelle Kolmstra\u00dfe) Das Gel\u00e4nde befindet sich direkt an [&hellip;]<\/p>\n","protected":false},"author":1,"featured_media":0,"parent":0,"menu_order":0,"comment_status":"closed","ping_status":"closed","template":"","meta":{"_et_pb_use_builder":"on","_et_pb_old_content":"<!-- wp:divi\/placeholder \/-->","_et_gb_content_width":"","footnotes":""},"class_list":["post-25","page","type-page","status-publish","hentry"],"_links":{"self":[{"href":"https:\/\/zaubergarten-leipzig.de\/index.php\/wp-json\/wp\/v2\/pages\/25","targetHints":{"allow":["GET"]}}],"collection":[{"href":"https:\/\/zaubergarten-leipzig.de\/index.php\/wp-json\/wp\/v2\/pages"}],"about":[{"href":"https:\/\/zaubergarten-leipzig.de\/index.php\/wp-json\/wp\/v2\/types\/page"}],"author":[{"embeddable":true,"href":"https:\/\/zaubergarten-leipzig.de\/index.php\/wp-json\/wp\/v2\/users\/1"}],"replies":[{"embeddable":true,"href":"https:\/\/zaubergarten-leipzig.de\/index.php\/wp-json\/wp\/v2\/comments?post=25"}],"version-history":[{"count":51,"href":"https:\/\/zaubergarten-leipzig.de\/index.php\/wp-json\/wp\/v2\/pages\/25\/revisions"}],"predecessor-version":[{"id":762,"href":"https:\/\/zaubergarten-leipzig.de\/index.php\/wp-json\/wp\/v2\/pages\/25\/revisions\/762"}],"wp:attachment":[{"href":"https:\/\/zaubergarten-leipzig.de\/index.php\/wp-json\/wp\/v2\/media?parent=25"}],"curies":[{"name":"wp","href":"https:\/\/api.w.org\/{rel}","templated":true}]}}